{"id":16,"date":"2019-11-09T20:35:55","date_gmt":"2019-11-09T20:35:55","guid":{"rendered":"http:\/\/spectroservis.com\/?page_id=16"},"modified":"2026-01-03T17:39:36","modified_gmt":"2026-01-03T17:39:36","slug":"kalibrasyon-servis-bakim-onarim","status":"publish","type":"page","link":"http:\/\/www.spectroservis.com.tr\/","title":{"rendered":"Spectrofotometre Renk \u00d6l\u00e7\u00fcm Kontrol Cihaz Kalibrasyonlar\u0131"},"content":{"rendered":"\n<figure class=\"wp-block-gallery has-nested-images columns-default is-cropped wp-block-gallery-1 is-layout-flex wp-block-gallery-is-layout-flex\">\n<figure class=\"wp-block-image size-large\"><img loading=\"lazy\" decoding=\"async\" width=\"499\" height=\"481\" data-id=\"119\" src=\"https:\/\/spectroservis.com\/wp-content\/uploads\/2019\/11\/color-eye-7000a-500x500.jpg\" alt=\"\" class=\"wp-image-119\" srcset=\"http:\/\/www.spectroservis.com.tr\/wp-content\/uploads\/2019\/11\/color-eye-7000a-500x500.jpg 499w, http:\/\/www.spectroservis.com.tr\/wp-content\/uploads\/2019\/11\/color-eye-7000a-500x500-300x289.jpg 300w\" sizes=\"auto, (max-width: 499px) 100vw, 499px\" \/><figcaption class=\"wp-element-caption\">Macbeth <br>Color Eye 7000<\/figcaption><\/figure>\n\n\n\n<figure class=\"wp-block-image size-full\"><img loading=\"lazy\" decoding=\"async\" width=\"250\" height=\"250\" data-id=\"804\" src=\"https:\/\/spectroservis.com\/wp-content\/uploads\/2025\/08\/gt.jpg\" alt=\"\" class=\"wp-image-804\" srcset=\"http:\/\/www.spectroservis.com.tr\/wp-content\/uploads\/2025\/08\/gt.jpg 250w, http:\/\/www.spectroservis.com.tr\/wp-content\/uploads\/2025\/08\/gt-150x150.jpg 150w\" sizes=\"auto, (max-width: 250px) 100vw, 250px\" \/><figcaption class=\"wp-element-caption\">G\u00fcn I\u015f\u0131\u011f\u0131 &#8211; Daylight Floresan Lambalar Sto\u011fumuzda.<\/figcaption><\/figure>\n\n\n\n<figure class=\"wp-block-image size-large\"><img loading=\"lazy\" decoding=\"async\" width=\"327\" height=\"325\" data-id=\"104\" src=\"https:\/\/spectroservis.com\/wp-content\/uploads\/2019\/11\/18271800_600-2-1.png\" alt=\"\" class=\"wp-image-104\" srcset=\"http:\/\/www.spectroservis.com.tr\/wp-content\/uploads\/2019\/11\/18271800_600-2-1.png 327w, http:\/\/www.spectroservis.com.tr\/wp-content\/uploads\/2019\/11\/18271800_600-2-1-150x150.png 150w, http:\/\/www.spectroservis.com.tr\/wp-content\/uploads\/2019\/11\/18271800_600-2-1-300x298.png 300w\" sizes=\"auto, (max-width: 327px) 100vw, 327px\" \/><figcaption class=\"wp-element-caption\">Datacolor <br>SF 600 X<\/figcaption><\/figure>\n\n\n\n<figure class=\"wp-block-image size-large\"><img loading=\"lazy\" decoding=\"async\" width=\"400\" height=\"303\" data-id=\"99\" src=\"https:\/\/spectroservis.com\/wp-content\/uploads\/2019\/11\/Datacolor-Spectraflash-Spectrophotometer-SF600-PLUS-CT.jpg\" alt=\"\" class=\"wp-image-99\" srcset=\"http:\/\/www.spectroservis.com.tr\/wp-content\/uploads\/2019\/11\/Datacolor-Spectraflash-Spectrophotometer-SF600-PLUS-CT.jpg 400w, http:\/\/www.spectroservis.com.tr\/wp-content\/uploads\/2019\/11\/Datacolor-Spectraflash-Spectrophotometer-SF600-PLUS-CT-300x227.jpg 300w\" sizes=\"auto, (max-width: 400px) 100vw, 400px\" \/><figcaption class=\"wp-element-caption\">Spectrofotometre<br><\/figcaption><\/figure>\n\n\n\n<figure class=\"wp-block-image size-large\"><img loading=\"lazy\" decoding=\"async\" width=\"500\" height=\"500\" data-id=\"189\" src=\"https:\/\/spectroservis.com\/wp-content\/uploads\/2019\/12\/TileSet.jpg\" alt=\"\" class=\"wp-image-189\" srcset=\"http:\/\/www.spectroservis.com.tr\/wp-content\/uploads\/2019\/12\/TileSet.jpg 500w, http:\/\/www.spectroservis.com.tr\/wp-content\/uploads\/2019\/12\/TileSet-150x150.jpg 150w, http:\/\/www.spectroservis.com.tr\/wp-content\/uploads\/2019\/12\/TileSet-300x300.jpg 300w\" sizes=\"auto, (max-width: 500px) 100vw, 500px\" \/><figcaption class=\"wp-element-caption\">SPECTRAL CALIBRATION<\/figcaption><\/figure>\n\n\n\n<figure class=\"wp-block-image size-large\"><img loading=\"lazy\" decoding=\"async\" width=\"480\" height=\"480\" data-id=\"369\" src=\"https:\/\/spectroservis.com\/wp-content\/uploads\/2022\/01\/ELREPHO.jpg\" alt=\"\" class=\"wp-image-369\" srcset=\"http:\/\/www.spectroservis.com.tr\/wp-content\/uploads\/2022\/01\/ELREPHO.jpg 480w, http:\/\/www.spectroservis.com.tr\/wp-content\/uploads\/2022\/01\/ELREPHO-300x300.jpg 300w, http:\/\/www.spectroservis.com.tr\/wp-content\/uploads\/2022\/01\/ELREPHO-150x150.jpg 150w\" sizes=\"auto, (max-width: 480px) 100vw, 480px\" \/><figcaption class=\"wp-element-caption\">ELREPHO 450<\/figcaption><\/figure>\n\n\n\n<figure class=\"wp-block-image size-large\"><img loading=\"lazy\" decoding=\"async\" width=\"800\" height=\"600\" data-id=\"178\" src=\"https:\/\/spectroservis.com\/wp-content\/uploads\/2019\/11\/spll3.jpg\" alt=\"\" class=\"wp-image-178\" srcset=\"http:\/\/www.spectroservis.com.tr\/wp-content\/uploads\/2019\/11\/spll3.jpg 800w, http:\/\/www.spectroservis.com.tr\/wp-content\/uploads\/2019\/11\/spll3-300x225.jpg 300w, http:\/\/www.spectroservis.com.tr\/wp-content\/uploads\/2019\/11\/spll3-768x576.jpg 768w\" sizes=\"auto, (max-width: 800px) 100vw, 800px\" \/><figcaption class=\"wp-element-caption\">I\u015eIK KAB\u0130NLER\u0130 SPECTRA LIGHT<\/figcaption><\/figure>\n\n\n\n<figure class=\"wp-block-image size-large\"><img loading=\"lazy\" decoding=\"async\" width=\"600\" height=\"600\" data-id=\"100\" src=\"https:\/\/spectroservis.com\/wp-content\/uploads\/2019\/11\/Color-Matching-Software-improve-production.jpg\" alt=\"\" class=\"wp-image-100\" srcset=\"http:\/\/www.spectroservis.com.tr\/wp-content\/uploads\/2019\/11\/Color-Matching-Software-improve-production.jpg 600w, http:\/\/www.spectroservis.com.tr\/wp-content\/uploads\/2019\/11\/Color-Matching-Software-improve-production-150x150.jpg 150w, http:\/\/www.spectroservis.com.tr\/wp-content\/uploads\/2019\/11\/Color-Matching-Software-improve-production-300x300.jpg 300w\" sizes=\"auto, (max-width: 600px) 100vw, 600px\" \/><figcaption class=\"wp-element-caption\">RENK RE\u00c7ETES\u0130 ALMA VE KAL\u0130TE KONTROL PROGRAMLARI <br>COLOR MATCHING &amp; QC<\/figcaption><\/figure>\n<\/figure>\n\n\n\n<p class=\"has-text-align-center\">1996 y\u0131l\u0131ndan beri spectrofotometreler, renk \u00f6l\u00e7\u00fcm sistemleri, renk re\u00e7ete formulasyonu, renk kalite kontrol yaz\u0131l\u0131mlar\u0131, laboratuvar boya otomasyon makinalar\u0131, kalite kontrol test cihazlar\u0131ndaki teknik tecr\u00fcbemizle, e\u011fitimli, sertifikal\u0131, diplomal\u0131, teknik uzman olarak m\u00fc\u015fterilerimize hizmet vermekteyiz.<\/p>\n\n\n\n<p><\/p>\n","protected":false},"excerpt":{"rendered":"<p>1996 y\u0131l\u0131ndan beri spectrofotometreler, renk \u00f6l\u00e7\u00fcm sistemleri, renk re\u00e7ete formulasyonu, renk kalite kontrol yaz\u0131l\u0131mlar\u0131, laboratuvar boya otomasyon makinalar\u0131, kalite kontrol test cihazlar\u0131ndaki teknik tecr\u00fcbemizle, e\u011fitimli, sertifikal\u0131, diplomal\u0131, teknik uzman olarak m\u00fc\u015fterilerimize hizmet vermekteyiz.<\/p>\n","protected":false},"author":1,"featured_media":335,"parent":0,"menu_order":0,"comment_status":"closed","ping_status":"closed","template":"","meta":{"footnotes":""},"class_list":["post-16","page","type-page","status-publish","has-post-thumbnail","hentry"],"_links":{"self":[{"href":"http:\/\/www.spectroservis.com.tr\/index.php?rest_route=\/wp\/v2\/pages\/16","targetHints":{"allow":["GET"]}}],"collection":[{"href":"http:\/\/www.spectroservis.com.tr\/index.php?rest_route=\/wp\/v2\/pages"}],"about":[{"href":"http:\/\/www.spectroservis.com.tr\/index.php?rest_route=\/wp\/v2\/types\/page"}],"author":[{"embeddable":true,"href":"http:\/\/www.spectroservis.com.tr\/index.php?rest_route=\/wp\/v2\/users\/1"}],"replies":[{"embeddable":true,"href":"http:\/\/www.spectroservis.com.tr\/index.php?rest_route=%2Fwp%2Fv2%2Fcomments&post=16"}],"version-history":[{"count":89,"href":"http:\/\/www.spectroservis.com.tr\/index.php?rest_route=\/wp\/v2\/pages\/16\/revisions"}],"predecessor-version":[{"id":897,"href":"http:\/\/www.spectroservis.com.tr\/index.php?rest_route=\/wp\/v2\/pages\/16\/revisions\/897"}],"wp:featuredmedia":[{"embeddable":true,"href":"http:\/\/www.spectroservis.com.tr\/index.php?rest_route=\/wp\/v2\/media\/335"}],"wp:attachment":[{"href":"http:\/\/www.spectroservis.com.tr\/index.php?rest_route=%2Fwp%2Fv2%2Fmedia&parent=16"}],"curies":[{"name":"wp","href":"https:\/\/api.w.org\/{rel}","templated":true}]}}